{"id":17,"date":"2022-11-14T13:17:41","date_gmt":"2022-11-14T12:17:41","guid":{"rendered":"http:\/\/przedniaszybadokampera.pl\/?page_id=17"},"modified":"2022-12-23T23:50:44","modified_gmt":"2022-12-23T22:50:44","slug":"przednia-szyba-do-kampera","status":"publish","type":"page","link":"https:\/\/przedniaszybadokampera.pl\/","title":{"rendered":"Przednia szyba do kampera"},"content":{"rendered":"\n<div class=\"wp-block-cover alignfull is-light hestia-clear-top-padding has-small-font-size\"><span aria-hidden=\"true\" class=\"wp-block-cover__background has-white-background-color has-background-dim-100 has-background-dim\"><\/span><div class=\"wp-block-cover__inner-container is-layout-flow wp-block-cover-is-layout-flow\">\n<h2 class=\"has-text-align-center has-text-color wp-block-heading\" style=\"color:#3c4858\">Jak zam\u00f3wi\u0107 przedni\u0105 szyb\u0119 do kampera <br>w 3 krokach<\/h2>\n\n\n\n<div style=\"height:40px\" aria-hidden=\"true\" class=\"wp-block-spacer\"><\/div>\n\n\n\n<div class=\"wp-block-columns container is-layout-flex wp-container-core-columns-is-layout-9d6595d7 wp-block-columns-is-layout-flex\">\n<div class=\"wp-block-column is-layout-flow wp-block-column-is-layout-flow\">\n<h5 class=\"has-text-align-center has-text-color wp-block-heading\" style=\"color:#3c4858;font-size:22px\">Krok 1<\/h5>\n\n\n\n<p class=\"has-text-align-center has-text-color\" style=\"color:#a2a4b4;font-size:14px\">Sprawd\u017a dok\u0142adnie rok, model i zmierz przedni\u0105 szyb\u0119 do kampera (wysoko\u015b\u0107 x szeroko\u015b\u0107\/cm.). Napisz do nas na adres email: kontakt@kamperologia.pl<br>lub skorzystaj z formularza na dole strony<\/p>\n\n\n\n<div style=\"height:25px\" aria-hidden=\"true\" class=\"wp-block-spacer\"><\/div>\n<\/div>\n\n\n\n<div class=\"wp-block-column is-layout-flow wp-block-column-is-layout-flow\">\n<h5 class=\"has-text-align-center has-text-color wp-block-heading\" style=\"color:#3c4858;font-size:22px\">Krok 2<\/h5>\n\n\n\n<p class=\"has-text-align-center has-text-color\" style=\"color:#a2a4b4;font-size:14px\">W 24 godziny od otrzymania wiadomo\u015bci zweryfikujemy Twoje zam\u00f3wienie i po dok\u0142adnej weryfikacji, na podstawie przes\u0142anych danych prze\u015blemy propozycje dotycz\u0105ce szyby do Twojego kampera<\/p>\n\n\n\n<div style=\"height:25px\" aria-hidden=\"true\" class=\"wp-block-spacer\"><\/div>\n<\/div>\n\n\n\n<div class=\"wp-block-column is-layout-flow wp-block-column-is-layout-flow\">\n<h5 class=\"has-text-align-center has-text-color wp-block-heading\" style=\"color:#3c4858;font-size:22px\">Krok 3<\/h5>\n\n\n\n<p class=\"has-text-align-center has-text-color\" style=\"color:#a2a4b4;font-size:14px\">Je\u015bli po zakupie, b\u0119dziesz potrzebowa\u0107 pomocy przy monta\u017cu swojej przedniej szyby do kampera, przyjedziemy do Ciebie i zamontujemy lub mo\u017cemy zamontowa\u0107 szyb\u0119 w naszym serwisie<\/p>\n\n\n\n<div style=\"height:25px\" aria-hidden=\"true\" class=\"wp-block-spacer\"><\/div>\n<\/div>\n<\/div>\n\n\n\n<div style=\"height:0px\" aria-hidden=\"true\" class=\"wp-block-spacer\"><\/div>\n\n\n\n<p class=\"has-text-align-center has-white-background-color has-text-color has-background has-medium-font-size\" style=\"color:#388a8e\"><a href=\"https:\/\/www.facebook.com\/reel\/1252227138961732?fs=e&amp;s=TIeQ9V\">Sprawd\u017a jak zmierzy\u0107 przedni\u0105 szyb\u0119 do kampera, <strong>KLIKNIJ TUTAJ<\/strong><\/a><\/p>\n<\/div><\/div>\n\n\n\n<h1 class=\"has-text-align-center wp-block-heading\">O nas czyli sk\u0105d przednia szyba do kampera<\/h1>\n\n\n\n<h2 class=\"has-text-align-center wp-block-heading\">Przednia szyba do kampera, kt\u00f3rej potrzebujesz<\/h2>\n\n\n\n<p class=\"has-text-align-center\">Dlaczego u nas warto zam\u00f3wi\u0107 przedni\u0105 szyb\u0119 do kampera? <br>Nasz\u0105 dzia\u0142alno\u015b\u0107 rozpocz\u0119li\u015bmy ponad 20 lat temu w Polsce. Po\u0142\u0105czy\u0142a nas pasja, wiedza, a tak\u017ce zainteresowanie tematem kamper\u00f3w i karawaningu. Dlatego serwisujemy i dostarczamy produkty takie jak przednia szyba do kampera oraz wiele innych. Mamy profesjonalny zesp\u00f3\u0142 i odpowiednio przygotowane miejsce, gdzie Twoja przednia szyba do kampera zostanie zamontowana. Montujemy szybko i sprawnie a je\u015bli chodzi o cen\u0119, to przy zakupie u nas, na monta\u017c szyby do kampera, otrzymasz 20% zni\u017cki. Je\u015bli potrzebujesz jakiekolwiek akcesoria do szyby do kampera, my je mamy. Dodatkowo zajmujemy si\u0119 renowacj\u0105 kamper\u00f3w, a zakres dzia\u0142a\u0144 zwi\u0105zanych z renowacj\u0105 kampera czyli przywr\u00f3ceniem do dawnej \u015bwietno\u015bci pojazdu, obejmuje takie prace jak szkutnictwo,\u00a0stolarstwo, hydraulika czy elektryka ale r\u00f3wnie\u017c projektowanie wn\u0119trz.<br>Nasze umiej\u0119tno\u015bci pozwalaj\u0105 stworzy\u0107 niepowtarzalne projekty, kt\u00f3re dzi\u0119ki naszym dzia\u0142aniom mog\u0105 cieszy\u0107 i s\u0142u\u017cy\u0107 przez wiele lat. Istotnym jest powierzenie swojego auta serwisowi, kt\u00f3ry ma ugruntowana wiedz\u0119 z zakresu mechaniki, ale tak\u017ce materia\u0142oznawstwa jak in\u017cynierii. Nasz zesp\u00f3\u0142 to specjali\u015bci, gwarantujemy, \u017ce w monta\u017cu czy renowacji kampera mo\u017cesz nam zaufa\u0107.<br>Stworzyli\u015bmy r\u00f3wnie\u017c sklep internetowy.<br><br>Je\u015bli chcesz dowiedzie\u0107 si\u0119 wi\u0119cej lub potrzebujesz dodatkowych informacji, zadzwo\u0144 <strong>796 562 666<\/strong> lub przeczytaj wi\u0119cej w <a href=\"http:\/\/przedniaszybadokampera.pl\/?page_id=255\">regulaminie<\/a><\/p>\n\n\n\n<div class=\"wp-block-columns container is-layout-flex wp-container-core-columns-is-layout-9d6595d7 wp-block-columns-is-layout-flex\">\n<div class=\"wp-block-column is-vertically-aligned-bottom col-md-6 col-md-offset1 is-layout-flow wp-block-column-is-layout-flow\">\n<div style=\"height:55px\" aria-hidden=\"true\" class=\"wp-block-spacer\"><\/div>\n\n\n\n<figure class=\"wp-block-gallery has-nested-images columns-default is-cropped wp-block-gallery-1 is-layout-flex wp-block-gallery-is-layout-flex\">\n<figure class=\"wp-block-image size-large is-style-default\"><a href=\"https:\/\/kamperologia.pl\"><img loading=\"lazy\" decoding=\"async\" width=\"1024\" height=\"390\" data-id=\"73\" src=\"http:\/\/przedniaszybadokampera.pl\/wp-content\/uploads\/2022\/11\/Kamperologia_1-1024x390.jpg\" alt=\"\" class=\"wp-image-73\" srcset=\"https:\/\/przedniaszybadokampera.pl\/wp-content\/uploads\/2022\/11\/Kamperologia_1-1024x390.jpg 1024w, https:\/\/przedniaszybadokampera.pl\/wp-content\/uploads\/2022\/11\/Kamperologia_1-300x114.jpg 300w, https:\/\/przedniaszybadokampera.pl\/wp-content\/uploads\/2022\/11\/Kamperologia_1-768x292.jpg 768w, https:\/\/przedniaszybadokampera.pl\/wp-content\/uploads\/2022\/11\/Kamperologia_1-1536x584.jpg 1536w, https:\/\/przedniaszybadokampera.pl\/wp-content\/uploads\/2022\/11\/Kamperologia_1-600x228.jpg 600w, https:\/\/przedniaszybadokampera.pl\/wp-content\/uploads\/2022\/11\/Kamperologia_1.jpg 2000w\" sizes=\"auto, (max-width: 1024px) 100vw, 1024px\" \/><\/a><\/figure>\n<\/figure>\n<\/div>\n<\/div>\n","protected":false},"excerpt":{"rendered":"<p>O nas czyli sk\u0105d przednia szyba do kampera Przednia szyba do kampera, kt\u00f3rej potrzebujesz Dlaczego u nas warto zam\u00f3wi\u0107 przedni\u0105 szyb\u0119 do kampera? Nasz\u0105 dzia\u0142alno\u015b\u0107 rozpocz\u0119li\u015bmy ponad 20 lat temu w Polsce. Po\u0142\u0105czy\u0142a nas pasja, wiedza, a tak\u017ce zainteresowanie tematem kamper\u00f3w i karawaningu. Dlatego serwisujemy i dostarczamy produkty takie jak [&hellip;]<\/p>\n","protected":false},"author":1,"featured_media":47,"parent":0,"menu_order":0,"comment_status":"closed","ping_status":"closed","template":"","meta":{"footnotes":""},"class_list":["post-17","page","type-page","status-publish","has-post-thumbnail","hentry"],"yoast_head":"<!-- This site is optimized with the Yoast SEO plugin v19.9 - https:\/\/yoast.com\/wordpress\/plugins\/seo\/ -->\n<title>Przednia szyba do kampera i szyby do integry<\/title>\n<meta name=\"description\" content=\"U nas zam\u00f3wisz ka\u017cd\u0105 przednia szyba do kampera. Je\u015bli potrzebujesz, zamontujemy ja z 20% rabatem. Skontaktuj si\u0119 z nami ju\u017c teraz.\" \/>\n<meta name=\"robots\" content=\"index, follow, max-snippet:-1, max-image-preview:large, max-video-preview:-1\" \/>\n<link rel=\"canonical\" href=\"https:\/\/przedniaszybadokampera.pl\/\" \/>\n<meta property=\"og:locale\" content=\"pl_PL\" \/>\n<meta property=\"og:type\" content=\"article\" \/>\n<meta property=\"og:title\" content=\"Przednia szyba do kampera i szyby do integry\" \/>\n<meta property=\"og:description\" content=\"U nas zam\u00f3wisz ka\u017cd\u0105 przednia szyba do kampera. Je\u015bli potrzebujesz, zamontujemy ja z 20% rabatem. Skontaktuj si\u0119 z nami ju\u017c teraz.\" \/>\n<meta property=\"og:url\" content=\"https:\/\/przedniaszybadokampera.pl\/\" \/>\n<meta property=\"og:site_name\" content=\"przedniaszybadokampera\" \/>\n<meta property=\"article:modified_time\" content=\"2022-12-23T22:50:44+00:00\" \/>\n<meta property=\"og:image\" content=\"https:\/\/przedniaszybadokampera.pl\/wp-content\/uploads\/2022\/11\/przednia-szyba.jpg\" \/>\n\t<meta property=\"og:image:width\" content=\"520\" \/>\n\t<meta property=\"og:image:height\" content=\"392\" \/>\n\t<meta property=\"og:image:type\" content=\"image\/jpeg\" \/>\n<meta name=\"twitter:card\" content=\"summary_large_image\" \/>\n<meta name=\"twitter:label1\" content=\"Szacowany czas czytania\" \/>\n\t<meta name=\"twitter:data1\" content=\"3 minuty\" \/>\n<script type=\"application\/ld+json\" class=\"yoast-schema-graph\">{\"@context\":\"https:\/\/schema.org\",\"@graph\":[{\"@type\":\"WebPage\",\"@id\":\"https:\/\/przedniaszybadokampera.pl\/\",\"url\":\"https:\/\/przedniaszybadokampera.pl\/\",\"name\":\"Przednia szyba do kampera i szyby do integry\",\"isPartOf\":{\"@id\":\"https:\/\/przedniaszybadokampera.pl\/#website\"},\"datePublished\":\"2022-11-14T12:17:41+00:00\",\"dateModified\":\"2022-12-23T22:50:44+00:00\",\"description\":\"U nas zam\u00f3wisz ka\u017cd\u0105 przednia szyba do kampera. Je\u015bli potrzebujesz, zamontujemy ja z 20% rabatem. Skontaktuj si\u0119 z nami ju\u017c teraz.\",\"breadcrumb\":{\"@id\":\"https:\/\/przedniaszybadokampera.pl\/#breadcrumb\"},\"inLanguage\":\"pl-PL\",\"potentialAction\":[{\"@type\":\"ReadAction\",\"target\":[\"https:\/\/przedniaszybadokampera.pl\/\"]}]},{\"@type\":\"BreadcrumbList\",\"@id\":\"https:\/\/przedniaszybadokampera.pl\/#breadcrumb\",\"itemListElement\":[{\"@type\":\"ListItem\",\"position\":1,\"name\":\"Home\",\"item\":\"https:\/\/przedniaszybadokampera.pl\/\"},{\"@type\":\"ListItem\",\"position\":2,\"name\":\"Przednia szyba do kampera\"}]},{\"@type\":\"WebSite\",\"@id\":\"https:\/\/przedniaszybadokampera.pl\/#website\",\"url\":\"https:\/\/przedniaszybadokampera.pl\/\",\"name\":\"przedniaszybadokampera\",\"description\":\"przedniaszybadokampera\",\"publisher\":{\"@id\":\"https:\/\/przedniaszybadokampera.pl\/#organization\"},\"potentialAction\":[{\"@type\":\"SearchAction\",\"target\":{\"@type\":\"EntryPoint\",\"urlTemplate\":\"https:\/\/przedniaszybadokampera.pl\/?s={search_term_string}\"},\"query-input\":\"required name=search_term_string\"}],\"inLanguage\":\"pl-PL\"},{\"@type\":\"Organization\",\"@id\":\"https:\/\/przedniaszybadokampera.pl\/#organization\",\"name\":\"przedniaszybadokampera\",\"url\":\"https:\/\/przedniaszybadokampera.pl\/\",\"logo\":{\"@type\":\"ImageObject\",\"inLanguage\":\"pl-PL\",\"@id\":\"https:\/\/przedniaszybadokampera.pl\/#\/schema\/logo\/image\/\",\"url\":\"https:\/\/przedniaszybadokampera.pl\/wp-content\/uploads\/2022\/11\/cropped-kamperologia.png\",\"contentUrl\":\"https:\/\/przedniaszybadokampera.pl\/wp-content\/uploads\/2022\/11\/cropped-kamperologia.png\",\"width\":532,\"height\":524,\"caption\":\"przedniaszybadokampera\"},\"image\":{\"@id\":\"https:\/\/przedniaszybadokampera.pl\/#\/schema\/logo\/image\/\"}}]}<\/script>\n<!-- \/ Yoast SEO plugin. -->","yoast_head_json":{"title":"Przednia szyba do kampera i szyby do integry","description":"U nas zam\u00f3wisz ka\u017cd\u0105 przednia szyba do kampera. Je\u015bli potrzebujesz, zamontujemy ja z 20% rabatem. Skontaktuj si\u0119 z nami ju\u017c teraz.","robots":{"index":"index","follow":"follow","max-snippet":"max-snippet:-1","max-image-preview":"max-image-preview:large","max-video-preview":"max-video-preview:-1"},"canonical":"https:\/\/przedniaszybadokampera.pl\/","og_locale":"pl_PL","og_type":"article","og_title":"Przednia szyba do kampera i szyby do integry","og_description":"U nas zam\u00f3wisz ka\u017cd\u0105 przednia szyba do kampera. Je\u015bli potrzebujesz, zamontujemy ja z 20% rabatem. Skontaktuj si\u0119 z nami ju\u017c teraz.","og_url":"https:\/\/przedniaszybadokampera.pl\/","og_site_name":"przedniaszybadokampera","article_modified_time":"2022-12-23T22:50:44+00:00","og_image":[{"width":520,"height":392,"url":"https:\/\/przedniaszybadokampera.pl\/wp-content\/uploads\/2022\/11\/przednia-szyba.jpg","type":"image\/jpeg"}],"twitter_card":"summary_large_image","twitter_misc":{"Szacowany czas czytania":"3 minuty"},"schema":{"@context":"https:\/\/schema.org","@graph":[{"@type":"WebPage","@id":"https:\/\/przedniaszybadokampera.pl\/","url":"https:\/\/przedniaszybadokampera.pl\/","name":"Przednia szyba do kampera i szyby do integry","isPartOf":{"@id":"https:\/\/przedniaszybadokampera.pl\/#website"},"datePublished":"2022-11-14T12:17:41+00:00","dateModified":"2022-12-23T22:50:44+00:00","description":"U nas zam\u00f3wisz ka\u017cd\u0105 przednia szyba do kampera. Je\u015bli potrzebujesz, zamontujemy ja z 20% rabatem. Skontaktuj si\u0119 z nami ju\u017c teraz.","breadcrumb":{"@id":"https:\/\/przedniaszybadokampera.pl\/#breadcrumb"},"inLanguage":"pl-PL","potentialAction":[{"@type":"ReadAction","target":["https:\/\/przedniaszybadokampera.pl\/"]}]},{"@type":"BreadcrumbList","@id":"https:\/\/przedniaszybadokampera.pl\/#breadcrumb","itemListElement":[{"@type":"ListItem","position":1,"name":"Home","item":"https:\/\/przedniaszybadokampera.pl\/"},{"@type":"ListItem","position":2,"name":"Przednia szyba do kampera"}]},{"@type":"WebSite","@id":"https:\/\/przedniaszybadokampera.pl\/#website","url":"https:\/\/przedniaszybadokampera.pl\/","name":"przedniaszybadokampera","description":"przedniaszybadokampera","publisher":{"@id":"https:\/\/przedniaszybadokampera.pl\/#organization"},"potentialAction":[{"@type":"SearchAction","target":{"@type":"EntryPoint","urlTemplate":"https:\/\/przedniaszybadokampera.pl\/?s={search_term_string}"},"query-input":"required name=search_term_string"}],"inLanguage":"pl-PL"},{"@type":"Organization","@id":"https:\/\/przedniaszybadokampera.pl\/#organization","name":"przedniaszybadokampera","url":"https:\/\/przedniaszybadokampera.pl\/","logo":{"@type":"ImageObject","inLanguage":"pl-PL","@id":"https:\/\/przedniaszybadokampera.pl\/#\/schema\/logo\/image\/","url":"https:\/\/przedniaszybadokampera.pl\/wp-content\/uploads\/2022\/11\/cropped-kamperologia.png","contentUrl":"https:\/\/przedniaszybadokampera.pl\/wp-content\/uploads\/2022\/11\/cropped-kamperologia.png","width":532,"height":524,"caption":"przedniaszybadokampera"},"image":{"@id":"https:\/\/przedniaszybadokampera.pl\/#\/schema\/logo\/image\/"}}]}},"_links":{"self":[{"href":"https:\/\/przedniaszybadokampera.pl\/index.php?rest_route=\/wp\/v2\/pages\/17","targetHints":{"allow":["GET"]}}],"collection":[{"href":"https:\/\/przedniaszybadokampera.pl\/index.php?rest_route=\/wp\/v2\/pages"}],"about":[{"href":"https:\/\/przedniaszybadokampera.pl\/index.php?rest_route=\/wp\/v2\/types\/page"}],"author":[{"embeddable":true,"href":"https:\/\/przedniaszybadokampera.pl\/index.php?rest_route=\/wp\/v2\/users\/1"}],"replies":[{"embeddable":true,"href":"https:\/\/przedniaszybadokampera.pl\/index.php?rest_route=%2Fwp%2Fv2%2Fcomments&post=17"}],"version-history":[{"count":66,"href":"https:\/\/przedniaszybadokampera.pl\/index.php?rest_route=\/wp\/v2\/pages\/17\/revisions"}],"predecessor-version":[{"id":258,"href":"https:\/\/przedniaszybadokampera.pl\/index.php?rest_route=\/wp\/v2\/pages\/17\/revisions\/258"}],"wp:featuredmedia":[{"embeddable":true,"href":"https:\/\/przedniaszybadokampera.pl\/index.php?rest_route=\/wp\/v2\/media\/47"}],"wp:attachment":[{"href":"https:\/\/przedniaszybadokampera.pl\/index.php?rest_route=%2Fwp%2Fv2%2Fmedia&parent=17"}],"curies":[{"name":"wp","href":"https:\/\/api.w.org\/{rel}","templated":true}]}}